{"id":296,"date":"2023-03-22T10:40:03","date_gmt":"2023-03-22T10:40:03","guid":{"rendered":"https:\/\/www.grupoesquinita.com\/activa\/producto\/album-2\/"},"modified":"2023-04-03T15:32:36","modified_gmt":"2023-04-03T15:32:36","slug":"album-2","status":"publish","type":"product","link":"https:\/\/www.grupoesquinita.com\/activa\/producto\/album-2\/","title":{"rendered":"Men\u00fa 3j"},"content":{"rendered":"","protected":false},"excerpt":{"rendered":"<p><strong><em>Degustaci\u00f3n de nuestros cl\u00e1sicos.<\/em><\/strong><\/p>\n<p>Tartar de at\u00fan rojo del mediterr\u00e1neo<br \/>\nErizos rellenos gratinados<br \/>\nCroquetas de la semana hechas en casa<br \/>\nPulpo a la brasa con piment\u00f3n de la Vera<br \/>\nCanel\u00f3n de pollo rustido y papada ib\u00e9rica con crema de ceps<br \/>\nSecreto ib\u00e9rico al Josper con patata al caliu<\/p>\n<p><strong>Postre<u><br \/>\n<\/u><\/strong>Nuestra tarta de queso<\/p>\n<p><strong>Bodega<u><br \/>\n<\/u><\/strong>Sra Transi Tinto<br \/>\nSra Transi Blanco<\/p>\n<p>+ Caf\u00e9<\/p>\n<p>&nbsp;<\/p>\n<p><strong>El precio indicado es por persona. Aseg\u00farate de modificar las unidades seg\u00fan el n\u00famero de men\u00fas de los cuales quieras disfrutar.<\/strong><\/p>\n","protected":false},"featured_media":408,"template":"","meta":[],"product_cat":[25],"product_tag":[],"class_list":["post-296","product","type-product","status-publish","has-post-thumbnail","hentry","product_cat-sin-categorizar"],"_links":{"self":[{"href":"https:\/\/www.grupoesquinita.com\/activa\/wp-json\/wp\/v2\/product\/296","targetHints":{"allow":["GET"]}}],"collection":[{"href":"https:\/\/www.grupoesquinita.com\/activa\/wp-json\/wp\/v2\/product"}],"about":[{"href":"https:\/\/www.grupoesquinita.com\/activa\/wp-json\/wp\/v2\/types\/product"}],"wp:featuredmedia":[{"embeddable":true,"href":"https:\/\/www.grupoesquinita.com\/activa\/wp-json\/wp\/v2\/media\/408"}],"wp:attachment":[{"href":"https:\/\/www.grupoesquinita.com\/activa\/wp-json\/wp\/v2\/media?parent=296"}],"wp:term":[{"taxonomy":"product_cat","embeddable":true,"href":"https:\/\/www.grupoesquinita.com\/activa\/wp-json\/wp\/v2\/product_cat?post=296"},{"taxonomy":"product_tag","embeddable":true,"href":"https:\/\/www.grupoesquinita.com\/activa\/wp-json\/wp\/v2\/product_tag?post=296"}],"curies":[{"name":"wp","href":"https:\/\/api.w.org\/{rel}","templated":true}]}}